{"id":103,"date":"2025-07-03T15:21:26","date_gmt":"2025-07-03T15:21:26","guid":{"rendered":"https:\/\/iai.homologacaodeprojeto.com.br\/?page_id=103"},"modified":"2025-07-30T14:08:59","modified_gmt":"2025-07-30T14:08:59","slug":"formulario","status":"publish","type":"page","link":"https:\/\/iai.homologacaodeprojeto.com.br\/?page_id=103","title":{"rendered":"Form"},"content":{"rendered":"\t\t<div data-elementor-type=\"wp-page\" data-elementor-id=\"103\" class=\"elementor elementor-103\" data-elementor-post-type=\"page\">\n\t\t\t\t<div class=\"elementor-element elementor-element-96ad090 e-con-full e-flex e-con e-parent\" data-id=\"96ad090\" data-element_type=\"container\">\n\t\t\t\t<div class=\"elementor-element elementor-element-b9a348d elementor-widget elementor-widget-template\" data-id=\"b9a348d\" data-element_type=\"widget\" data-widget_type=\"template.default\">\n\t\t\t\t<div class=\"elementor-widget-container\">\n\t\t\t\t\t\t\t<div class=\"elementor-template\">\n\t\t\t\t\t<div data-elementor-type=\"section\" data-elementor-id=\"22\" class=\"elementor elementor-22\" data-elementor-post-type=\"elementor_library\">\n\t\t\t<div class=\"elementor-element elementor-element-63a35453 e-flex e-con-boxed e-con e-parent\" data-id=\"63a35453\" data-element_type=\"container\">\n\t\t\t\t\t<div class=\"e-con-inner\">\n\t\t<div class=\"elementor-element elementor-element-60671010 e-con-full e-flex e-con e-child\" data-id=\"60671010\" data-element_type=\"container\" data-settings=\"{&quot;background_background&quot;:&quot;classic&quot;}\">\n\t\t<div class=\"elementor-element elementor-element-3d654373 e-con-full e-flex e-con e-child\" data-id=\"3d654373\" data-element_type=\"container\">\n\t\t\t\t<div class=\"elementor-element elementor-element-4a5bba46 elementor-widget elementor-widget-image\" data-id=\"4a5bba46\" data-element_type=\"widget\" data-widget_type=\"image.default\">\n\t\t\t\t<div class=\"elementor-widget-container\">\n\t\t\t\t\t\t\t\t\t\t\t\t\t\t\t\t<a href=\"https:\/\/iai.homologacaodeprojeto.com.br\/\">\n\t\t\t\t\t\t\t<img fetchpriority=\"high\" decoding=\"async\" width=\"800\" height=\"149\" src=\"https:\/\/iai.homologacaodeprojeto.com.br\/wp-content\/uploads\/2025\/06\/logo_horizontal_branco.psd-1-1-1024x191.png\" class=\"attachment-large size-large wp-image-100\" alt=\"\" srcset=\"https:\/\/iai.homologacaodeprojeto.com.br\/wp-content\/uploads\/2025\/06\/logo_horizontal_branco.psd-1-1-1024x191.png 1024w, https:\/\/iai.homologacaodeprojeto.com.br\/wp-content\/uploads\/2025\/06\/logo_horizontal_branco.psd-1-1-300x56.png 300w, https:\/\/iai.homologacaodeprojeto.com.br\/wp-content\/uploads\/2025\/06\/logo_horizontal_branco.psd-1-1-768x143.png 768w, https:\/\/iai.homologacaodeprojeto.com.br\/wp-content\/uploads\/2025\/06\/logo_horizontal_branco.psd-1-1-1536x287.png 1536w, https:\/\/iai.homologacaodeprojeto.com.br\/wp-content\/uploads\/2025\/06\/logo_horizontal_branco.psd-1-1.png 1726w\" sizes=\"(max-width: 800px) 100vw, 800px\" \/>\t\t\t\t\t\t\t\t<\/a>\n\t\t\t\t\t\t\t\t\t\t\t\t\t\t\t<\/div>\n\t\t\t\t<\/div>\n\t\t\t\t<\/div>\n\t\t<div class=\"elementor-element elementor-element-3dfeba78 e-con-full e-flex e-con e-child\" data-id=\"3dfeba78\" data-element_type=\"container\">\n\t\t\t\t<div class=\"elementor-element elementor-element-79063da1 hfe-nav-menu__align-right elementor-widget-mobile__width-inherit elementor-widget-tablet__width-inherit hfe-submenu-icon-arrow hfe-submenu-animation-none hfe-link-redirect-child hfe-nav-menu__breakpoint-tablet elementor-widget elementor-widget-navigation-menu\" data-id=\"79063da1\" data-element_type=\"widget\" data-settings=\"{&quot;padding_horizontal_menu_item&quot;:{&quot;unit&quot;:&quot;px&quot;,&quot;size&quot;:15,&quot;sizes&quot;:[]},&quot;padding_horizontal_menu_item_tablet&quot;:{&quot;unit&quot;:&quot;px&quot;,&quot;size&quot;:&quot;&quot;,&quot;sizes&quot;:[]},&quot;padding_horizontal_menu_item_mobile&quot;:{&quot;unit&quot;:&quot;px&quot;,&quot;size&quot;:&quot;&quot;,&quot;sizes&quot;:[]},&quot;padding_vertical_menu_item&quot;:{&quot;unit&quot;:&quot;px&quot;,&quot;size&quot;:15,&quot;sizes&quot;:[]},&quot;padding_vertical_menu_item_tablet&quot;:{&quot;unit&quot;:&quot;px&quot;,&quot;size&quot;:&quot;&quot;,&quot;sizes&quot;:[]},&quot;padding_vertical_menu_item_mobile&quot;:{&quot;unit&quot;:&quot;px&quot;,&quot;size&quot;:&quot;&quot;,&quot;sizes&quot;:[]},&quot;menu_space_between&quot;:{&quot;unit&quot;:&quot;px&quot;,&quot;size&quot;:&quot;&quot;,&quot;sizes&quot;:[]},&quot;menu_space_between_tablet&quot;:{&quot;unit&quot;:&quot;px&quot;,&quot;size&quot;:&quot;&quot;,&quot;sizes&quot;:[]},&quot;menu_space_between_mobile&quot;:{&quot;unit&quot;:&quot;px&quot;,&quot;size&quot;:&quot;&quot;,&quot;sizes&quot;:[]},&quot;menu_row_space&quot;:{&quot;unit&quot;:&quot;px&quot;,&quot;size&quot;:&quot;&quot;,&quot;sizes&quot;:[]},&quot;menu_row_space_tablet&quot;:{&quot;unit&quot;:&quot;px&quot;,&quot;size&quot;:&quot;&quot;,&quot;sizes&quot;:[]},&quot;menu_row_space_mobile&quot;:{&quot;unit&quot;:&quot;px&quot;,&quot;size&quot;:&quot;&quot;,&quot;sizes&quot;:[]},&quot;dropdown_border_radius&quot;:{&quot;unit&quot;:&quot;px&quot;,&quot;top&quot;:&quot;&quot;,&quot;right&quot;:&quot;&quot;,&quot;bottom&quot;:&quot;&quot;,&quot;left&quot;:&quot;&quot;,&quot;isLinked&quot;:true},&quot;dropdown_border_radius_tablet&quot;:{&quot;unit&quot;:&quot;px&quot;,&quot;top&quot;:&quot;&quot;,&quot;right&quot;:&quot;&quot;,&quot;bottom&quot;:&quot;&quot;,&quot;left&quot;:&quot;&quot;,&quot;isLinked&quot;:true},&quot;dropdown_border_radius_mobile&quot;:{&quot;unit&quot;:&quot;px&quot;,&quot;top&quot;:&quot;&quot;,&quot;right&quot;:&quot;&quot;,&quot;bottom&quot;:&quot;&quot;,&quot;left&quot;:&quot;&quot;,&quot;isLinked&quot;:true},&quot;width_dropdown_item&quot;:{&quot;unit&quot;:&quot;px&quot;,&quot;size&quot;:&quot;220&quot;,&quot;sizes&quot;:[]},&quot;width_dropdown_item_tablet&quot;:{&quot;unit&quot;:&quot;px&quot;,&quot;size&quot;:&quot;&quot;,&quot;sizes&quot;:[]},&quot;width_dropdown_item_mobile&quot;:{&quot;unit&quot;:&quot;px&quot;,&quot;size&quot;:&quot;&quot;,&quot;sizes&quot;:[]},&quot;padding_horizontal_dropdown_item&quot;:{&quot;unit&quot;:&quot;px&quot;,&quot;size&quot;:&quot;&quot;,&quot;sizes&quot;:[]},&quot;padding_horizontal_dropdown_item_tablet&quot;:{&quot;unit&quot;:&quot;px&quot;,&quot;size&quot;:&quot;&quot;,&quot;sizes&quot;:[]},&quot;padding_horizontal_dropdown_item_mobile&quot;:{&quot;unit&quot;:&quot;px&quot;,&quot;size&quot;:&quot;&quot;,&quot;sizes&quot;:[]},&quot;padding_vertical_dropdown_item&quot;:{&quot;unit&quot;:&quot;px&quot;,&quot;size&quot;:15,&quot;sizes&quot;:[]},&quot;padding_vertical_dropdown_item_tablet&quot;:{&quot;unit&quot;:&quot;px&quot;,&quot;size&quot;:&quot;&quot;,&quot;sizes&quot;:[]},&quot;padding_vertical_dropdown_item_mobile&quot;:{&quot;unit&quot;:&quot;px&quot;,&quot;size&quot;:&quot;&quot;,&quot;sizes&quot;:[]},&quot;distance_from_menu&quot;:{&quot;unit&quot;:&quot;px&quot;,&quot;size&quot;:&quot;&quot;,&quot;sizes&quot;:[]},&quot;distance_from_menu_tablet&quot;:{&quot;unit&quot;:&quot;px&quot;,&quot;size&quot;:&quot;&quot;,&quot;sizes&quot;:[]},&quot;distance_from_menu_mobile&quot;:{&quot;unit&quot;:&quot;px&quot;,&quot;size&quot;:&quot;&quot;,&quot;sizes&quot;:[]},&quot;toggle_size&quot;:{&quot;unit&quot;:&quot;px&quot;,&quot;size&quot;:&quot;&quot;,&quot;sizes&quot;:[]},&quot;toggle_size_tablet&quot;:{&quot;unit&quot;:&quot;px&quot;,&quot;size&quot;:&quot;&quot;,&quot;sizes&quot;:[]},&quot;toggle_size_mobile&quot;:{&quot;unit&quot;:&quot;px&quot;,&quot;size&quot;:&quot;&quot;,&quot;sizes&quot;:[]},&quot;toggle_border_width&quot;:{&quot;unit&quot;:&quot;px&quot;,&quot;size&quot;:&quot;&quot;,&quot;sizes&quot;:[]},&quot;toggle_border_width_tablet&quot;:{&quot;unit&quot;:&quot;px&quot;,&quot;size&quot;:&quot;&quot;,&quot;sizes&quot;:[]},&quot;toggle_border_width_mobile&quot;:{&quot;unit&quot;:&quot;px&quot;,&quot;size&quot;:&quot;&quot;,&quot;sizes&quot;:[]},&quot;toggle_border_radius&quot;:{&quot;unit&quot;:&quot;px&quot;,&quot;size&quot;:&quot;&quot;,&quot;sizes&quot;:[]},&quot;toggle_border_radius_tablet&quot;:{&quot;unit&quot;:&quot;px&quot;,&quot;size&quot;:&quot;&quot;,&quot;sizes&quot;:[]},&quot;toggle_border_radius_mobile&quot;:{&quot;unit&quot;:&quot;px&quot;,&quot;size&quot;:&quot;&quot;,&quot;sizes&quot;:[]}}\" data-widget_type=\"navigation-menu.default\">\n\t\t\t\t<div class=\"elementor-widget-container\">\n\t\t\t\t\t\t\t\t<div class=\"hfe-nav-menu hfe-layout-horizontal hfe-nav-menu-layout horizontal hfe-pointer__none\" data-layout=\"horizontal\">\n\t\t\t\t<div role=\"button\" class=\"hfe-nav-menu__toggle elementor-clickable\" tabindex=\"0\" aria-label=\"Menu Toggle\">\n\t\t\t\t\t<span class=\"screen-reader-text\">Menu<\/span>\n\t\t\t\t\t<div class=\"hfe-nav-menu-icon\">\n\t\t\t\t\t\t<svg aria-hidden=\"true\"  class=\"e-font-icon-svg e-fas-align-justify\" viewBox=\"0 0 448 512\" xmlns=\"http:\/\/www.w3.org\/2000\/svg\"><path d=\"M432 416H16a16 16 0 0 0-16 16v32a16 16 0 0 0 16 16h416a16 16 0 0 0 16-16v-32a16 16 0 0 0-16-16zm0-128H16a16 16 0 0 0-16 16v32a16 16 0 0 0 16 16h416a16 16 0 0 0 16-16v-32a16 16 0 0 0-16-16zm0-128H16a16 16 0 0 0-16 16v32a16 16 0 0 0 16 16h416a16 16 0 0 0 16-16v-32a16 16 0 0 0-16-16zm0-128H16A16 16 0 0 0 0 48v32a16 16 0 0 0 16 16h416a16 16 0 0 0 16-16V48a16 16 0 0 0-16-16z\"><\/path><\/svg>\t\t\t\t\t<\/div>\n\t\t\t\t<\/div>\n\t\t\t\t<nav class=\"hfe-nav-menu__layout-horizontal hfe-nav-menu__submenu-arrow\" data-toggle-icon=\"&lt;svg aria-hidden=&quot;true&quot; tabindex=&quot;0&quot; class=&quot;e-font-icon-svg e-fas-align-justify&quot; viewBox=&quot;0 0 448 512&quot; xmlns=&quot;http:\/\/www.w3.org\/2000\/svg&quot;&gt;&lt;path d=&quot;M432 416H16a16 16 0 0 0-16 16v32a16 16 0 0 0 16 16h416a16 16 0 0 0 16-16v-32a16 16 0 0 0-16-16zm0-128H16a16 16 0 0 0-16 16v32a16 16 0 0 0 16 16h416a16 16 0 0 0 16-16v-32a16 16 0 0 0-16-16zm0-128H16a16 16 0 0 0-16 16v32a16 16 0 0 0 16 16h416a16 16 0 0 0 16-16v-32a16 16 0 0 0-16-16zm0-128H16A16 16 0 0 0 0 48v32a16 16 0 0 0 16 16h416a16 16 0 0 0 16-16V48a16 16 0 0 0-16-16z&quot;&gt;&lt;\/path&gt;&lt;\/svg&gt;\" data-close-icon=\"&lt;svg aria-hidden=&quot;true&quot; tabindex=&quot;0&quot; class=&quot;e-font-icon-svg e-far-window-close&quot; viewBox=&quot;0 0 512 512&quot; xmlns=&quot;http:\/\/www.w3.org\/2000\/svg&quot;&gt;&lt;path d=&quot;M464 32H48C21.5 32 0 53.5 0 80v352c0 26.5 21.5 48 48 48h416c26.5 0 48-21.5 48-48V80c0-26.5-21.5-48-48-48zm0 394c0 3.3-2.7 6-6 6H54c-3.3 0-6-2.7-6-6V86c0-3.3 2.7-6 6-6h404c3.3 0 6 2.7 6 6v340zM356.5 194.6L295.1 256l61.4 61.4c4.6 4.6 4.6 12.1 0 16.8l-22.3 22.3c-4.6 4.6-12.1 4.6-16.8 0L256 295.1l-61.4 61.4c-4.6 4.6-12.1 4.6-16.8 0l-22.3-22.3c-4.6-4.6-4.6-12.1 0-16.8l61.4-61.4-61.4-61.4c-4.6-4.6-4.6-12.1 0-16.8l22.3-22.3c4.6-4.6 12.1-4.6 16.8 0l61.4 61.4 61.4-61.4c4.6-4.6 12.1-4.6 16.8 0l22.3 22.3c4.7 4.6 4.7 12.1 0 16.8z&quot;&gt;&lt;\/path&gt;&lt;\/svg&gt;\" data-full-width=\"yes\">\n\t\t\t\t\t<ul id=\"menu-1-79063da1\" class=\"hfe-nav-menu\"><li id=\"menu-item-56\" class=\"menu-item menu-item-type-custom menu-item-object-custom parent hfe-creative-menu\"><a href=\"#sobre\" class = \"hfe-menu-item\">Sobre<\/a><\/li>\n<li id=\"menu-item-57\" class=\"menu-item menu-item-type-custom menu-item-object-custom parent hfe-creative-menu\"><a href=\"#servicos\" class = \"hfe-menu-item\">Servi\u00e7os<\/a><\/li>\n<li id=\"menu-item-58\" class=\"menu-item menu-item-type-custom menu-item-object-custom menu-item-has-children parent hfe-has-submenu hfe-creative-menu\"><div class=\"hfe-has-submenu-container\" tabindex=\"0\" role=\"button\" aria-haspopup=\"true\" aria-expanded=\"false\"><a class = \"hfe-menu-item\">Clientes<span class='hfe-menu-toggle sub-arrow hfe-menu-child-0'><i class='fa'><\/i><\/span><\/a><\/div>\n<ul class=\"sub-menu\">\n\t<li id=\"menu-item-61\" class=\"menu-item menu-item-type-custom menu-item-object-custom hfe-creative-menu\"><a href=\"#diferenciais\" class = \"hfe-sub-menu-item\">Diferenciais<\/a><\/li>\n\t<li id=\"menu-item-62\" class=\"menu-item menu-item-type-custom menu-item-object-custom hfe-creative-menu\"><a href=\"#cases\" class = \"hfe-sub-menu-item\">Cases<\/a><\/li>\n\t<li id=\"menu-item-63\" class=\"menu-item menu-item-type-custom menu-item-object-custom hfe-creative-menu\"><a href=\"#depoimentos\" class = \"hfe-sub-menu-item\">Depoimentos<\/a><\/li>\n<\/ul>\n<\/li>\n<li id=\"menu-item-59\" class=\"menu-item menu-item-type-custom menu-item-object-custom parent hfe-creative-menu\"><a href=\"#planos\" class = \"hfe-menu-item\">Planos<\/a><\/li>\n<li id=\"menu-item-60\" class=\"menu-item menu-item-type-custom menu-item-object-custom parent hfe-creative-menu\"><a href=\"#contato\" class = \"hfe-menu-item\">Contato<\/a><\/li>\n<\/ul> \n\t\t\t\t<\/nav>\n\t\t\t<\/div>\n\t\t\t\t\t\t\t<\/div>\n\t\t\t\t<\/div>\n\t\t<div class=\"elementor-element elementor-element-4b024efd e-con-full elementor-hidden-tablet elementor-hidden-mobile e-flex e-con e-child\" data-id=\"4b024efd\" data-element_type=\"container\">\n\t\t\t\t<div class=\"elementor-element elementor-element-1229f4d3 elementor-view-stacked elementor-shape-circle elementor-widget elementor-widget-icon\" data-id=\"1229f4d3\" data-element_type=\"widget\" data-widget_type=\"icon.default\">\n\t\t\t\t<div class=\"elementor-widget-container\">\n\t\t\t\t\t\t\t<div class=\"elementor-icon-wrapper\">\n\t\t\t<div class=\"elementor-icon\">\n\t\t\t<svg aria-hidden=\"true\" class=\"e-font-icon-svg e-fab-instagram\" viewBox=\"0 0 448 512\" xmlns=\"http:\/\/www.w3.org\/2000\/svg\"><path d=\"M224.1 141c-63.6 0-114.9 51.3-114.9 114.9s51.3 114.9 114.9 114.9S339 319.5 339 255.9 287.7 141 224.1 141zm0 189.6c-41.1 0-74.7-33.5-74.7-74.7s33.5-74.7 74.7-74.7 74.7 33.5 74.7 74.7-33.6 74.7-74.7 74.7zm146.4-194.3c0 14.9-12 26.8-26.8 26.8-14.9 0-26.8-12-26.8-26.8s12-26.8 26.8-26.8 26.8 12 26.8 26.8zm76.1 27.2c-1.7-35.9-9.9-67.7-36.2-93.9-26.2-26.2-58-34.4-93.9-36.2-37-2.1-147.9-2.1-184.9 0-35.8 1.7-67.6 9.9-93.9 36.1s-34.4 58-36.2 93.9c-2.1 37-2.1 147.9 0 184.9 1.7 35.9 9.9 67.7 36.2 93.9s58 34.4 93.9 36.2c37 2.1 147.9 2.1 184.9 0 35.9-1.7 67.7-9.9 93.9-36.2 26.2-26.2 34.4-58 36.2-93.9 2.1-37 2.1-147.8 0-184.8zM398.8 388c-7.8 19.6-22.9 34.7-42.6 42.6-29.5 11.7-99.5 9-132.1 9s-102.7 2.6-132.1-9c-19.6-7.8-34.7-22.9-42.6-42.6-11.7-29.5-9-99.5-9-132.1s-2.6-102.7 9-132.1c7.8-19.6 22.9-34.7 42.6-42.6 29.5-11.7 99.5-9 132.1-9s102.7-2.6 132.1 9c19.6 7.8 34.7 22.9 42.6 42.6 11.7 29.5 9 99.5 9 132.1s2.7 102.7-9 132.1z\"><\/path><\/svg>\t\t\t<\/div>\n\t\t<\/div>\n\t\t\t\t\t\t<\/div>\n\t\t\t\t<\/div>\n\t\t\t\t<\/div>\n\t\t\t\t<\/div>\n\t\t\t\t<\/div>\n\t\t\t\t\t<\/div>\n\t\t\t\t<\/div>\n\t\t\t\t<\/div>\n\t\t\t\t<\/div>\n\t\t\t\t\t\t<\/div>\n\t\t\t\t<\/div>\n\t\t\t\t<\/div>\n\t\t<div class=\"elementor-element elementor-element-b6216d2 e-flex e-con-boxed e-con e-parent\" data-id=\"b6216d2\" data-element_type=\"container\">\n\t\t\t\t\t<div class=\"e-con-inner\">\n\t\t\t\t<div class=\"elementor-element elementor-element-5909c15 elementor-widget elementor-widget-heading\" data-id=\"5909c15\" data-element_type=\"widget\" data-widget_type=\"heading.default\">\n\t\t\t\t<div class=\"elementor-widget-container\">\n\t\t\t\t\t<h2 class=\"elementor-heading-title elementor-size-default\">Vamos iniciar  por aqui. <\/h2>\t\t\t\t<\/div>\n\t\t\t\t<\/div>\n\t\t\t\t<div class=\"elementor-element elementor-element-e4f7b88 elementor-widget elementor-widget-text-editor\" data-id=\"e4f7b88\" data-element_type=\"widget\" data-widget_type=\"text-editor.default\">\n\t\t\t\t<div class=\"elementor-widget-container\">\n\t\t\t\t\t\t\t\t\t<p>Responda as seguintes perguntas para podermos entender melhor seu neg\u00f3cio e suas principais demandas.<\/p>\t\t\t\t\t\t\t\t<\/div>\n\t\t\t\t<\/div>\n\t\t<div class=\"elementor-element elementor-element-8889c73 e-con-full e-flex e-con e-child\" data-id=\"8889c73\" data-element_type=\"container\">\n\t\t\t\t<div class=\"elementor-element elementor-element-f4ee4a0 elementor-widget elementor-widget-shortcode\" data-id=\"f4ee4a0\" data-element_type=\"widget\" data-widget_type=\"shortcode.default\">\n\t\t\t\t<div class=\"elementor-widget-container\">\n\t\t\t\t\t\t\t<div class=\"elementor-shortcode\">\n<style>\n  #form-wrapper {\n    position: relative;\n    width: 100%;\n    height: 200px;\n    overflow: hidden;\n  }\n\n  .step {\n    position: absolute;\n    top: 0;\n    left: 100%;\n    width: 100%;\n    opacity: 0;\n    transition: all 0.5s ease;\n  }\n\n  .step.active {\n    left: 0;\n    opacity: 1;\n    z-index: 2;\n  }\n\n  .step.exit-left {\n    left: -100%;\n    opacity: 0;\n    z-index: 1;\n  }\n\n  .step.exit-right {\n    left: 100%;\n    opacity: 0;\n    z-index: 1;\n  }\n\n  .step.enter-left {\n    left: -100%;\n    opacity: 1;\n    z-index: 3;\n    transition: all 0.5s ease;\n  }\n\n  .step label {\n    display: block;\n    margin-bottom: 15px;\n  }\n\n  .step input[type=\"text\"],\n  .step input[type=\"email\"],\n  .step textarea {\n    display: block;\n    margin-bottom: 15px;\n    width: 100%;\n    padding: 10px;\n    background-color: transparent;\n    color: #fff;\n    border: 1px solid #fff;\n    outline: none;\n  }\n\n  .radio-group {\n    margin-bottom: 15px;\n  }\n\n  .radio-group label {\n    color: #fff;\n    font-weight: normal;\n    margin-right: 20px;\n    cursor: pointer;\n  }\n\n  .radio-group input[type=\"radio\"] {\n    margin-right: 6px;\n    cursor: pointer;\n  }\n\n  .step button {\n    padding: 8px 16px;\n    float: right;\n  }\n\n  .step button.back-btn {\n    float: left;\n  }\n\n  .final-message {\n    color: #fff;\n    font-size: 1.3em;\n    font-weight: bold;\n    text-align: center;\n    padding: 20px;\n    line-height: 1.5;\n    opacity: 0;\n    animation: fadeIn 1s ease forwards;\n  }\n\n  @keyframes fadeIn {\n    to {\n      opacity: 1;\n    }\n  }\n<\/style>\n\n\n\n\n\n\n\n\n\n\n\n\n\n\n\n\n\n\n\n\n\n\n\n<div id=\"form-wrapper\">\n  <form id=\"multi-step-form\">\n    <div class=\"step active\" id=\"step-1\">\n      <label for=\"website\">Qual o endere\u00e7o do seu website? Se n\u00e3o tiver um, informe o endere\u00e7o de sua Rede Social mais ativa.<\/label>\n      <input type=\"text\" id=\"website\" name=\"website\" required>\n      <button class=\"next-btn\" data-next=\"step-2\" type=\"button\">Pr\u00f3ximo<\/button>\n    <\/div>\n\n    <div class=\"step\" id=\"step-2\">\n      <label for=\"email\">Qual o seu e-mail?<\/label>\n      <input type=\"email\" id=\"email\" name=\"email\" required>\n      <button class=\"back-btn\" data-back=\"step-1\" type=\"button\">Voltar<\/button>\n      <button class=\"next-btn\" data-next=\"step-3\" type=\"button\">Pr\u00f3ximo<\/button>\n    <\/div>\n\n    <div class=\"step\" id=\"step-3\">\n      <label for=\"telefone\">Qual o seu telefone de contato?<\/label>\n      <input type=\"text\" id=\"telefone\" name=\"telefone\" required>\n      <button class=\"back-btn\" data-back=\"step-2\" type=\"button\">Voltar<\/button>\n      <button class=\"next-btn\" data-next=\"step-4\" type=\"button\">Pr\u00f3ximo<\/button>\n    <\/div>\n\n    <div class=\"step\" id=\"step-4\">\n      <label>Sua empresa fatura mensalmente acima de R$ 200 mil?<\/label>\n      <div class=\"radio-group\">\n        <label>\n          <input type=\"radio\" name=\"faturamento\" value=\"sim\" required>\n          Sim\n        <\/label>\n        <label>\n          <input type=\"radio\" name=\"faturamento\" value=\"nao\" required>\n          N\u00e3o\n        <\/label>\n      <\/div>\n      <button class=\"back-btn\" data-back=\"step-3\" type=\"button\">Voltar<\/button>\n      <button class=\"next-btn\" data-next=\"step-5\" type=\"button\">Pr\u00f3ximo<\/button>\n    <\/div>\n\n    <div class=\"step\" id=\"step-5\">\n      <label for=\"percentual\">Qual o percentual do faturamento que sua empresa reinveste em marketing?<\/label>\n      <input type=\"text\" id=\"percentual\" name=\"percentual\" required>\n      <button class=\"back-btn\" data-back=\"step-4\" type=\"button\">Voltar<\/button>\n      <button class=\"next-btn\" data-next=\"step-6\" type=\"button\">Pr\u00f3ximo<\/button>\n    <\/div>\n    \n    <div class=\"step\" id=\"step-6\">\n      <label for=\"concorrentes\">Informe o nome de seus principais concorrentes:<\/label>\n      <input type=\"text\" id=\"concorrentes\" name=\"concorrentes\" required>\n      <button class=\"back-btn\" data-back=\"step-5\" type=\"button\">Voltar<\/button>\n      <button class=\"next-btn\" data-next=\"step-7\" type=\"button\">Pr\u00f3ximo<\/button>\n    <\/div>\n\n    <div class=\"step\" id=\"step-7\">\n      <label for=\"modelo\">Tem alguma empresa do seu setor que \u00e9 considerada um modelo a ser seguido pela sua empresa? Se sim, informe o nome.<\/label>\n      <input type=\"text\" id=\"modelo\" name=\"modelo\">\n      <button class=\"back-btn\" data-back=\"step-6\" type=\"button\">Voltar<\/button>\n      <button type=\"submit\">Enviar<\/button>\n    <\/div>\n\n    <div class=\"step\" id=\"step-8\">\n      <div class=\"final-message fade-in\">\n        Recebemos os seus dados e nossa equipe ir\u00e1 entrar em contato pelo n\u00famero de telefone que voc\u00ea informou.\n      <\/div>\n    <\/div>\n  <\/form>\n<\/div>\n\n\n\n\n\n\n\n\n\n\n\n\n\n\n\n\n\n\n\n\n\n\n\n\n\n\n\n<script>\n  document.addEventListener(\"DOMContentLoaded\", function () {\n    const form = document.getElementById(\"multi-step-form\");\n    const nextButtons = document.querySelectorAll(\".next-btn\");\n    const backButtons = document.querySelectorAll(\".back-btn\");\n\n    const percentualInput = document.getElementById(\"percentual\");\n    const telefoneInput = document.getElementById(\"telefone\");\n\n    \/\/ M\u00e1scara de telefone\n    telefoneInput.addEventListener(\"input\", function (e) {\n      let value = e.target.value.replace(\/\\D\/g, \"\").slice(0, 11);\n      let formatted = \"\";\n\n      if (value.length > 0) {\n        formatted += \"(\" + value.substring(0, 2) + \")\";\n      }\n      if (value.length >= 7) {\n        formatted += \" \" + value.substring(2, 7) + \"-\" + value.substring(7);\n      } else if (value.length > 2) {\n        formatted += \" \" + value.substring(2);\n      }\n\n      e.target.value = formatted;\n    });\n\n    \/\/ M\u00e1scara percentual (sem decimais)\n    percentualInput.addEventListener(\"blur\", function (e) {\n      let value = e.target.value.replace(\/\\D\/g, \"\");\n      if (value.length === 0) {\n        e.target.value = \"\";\n        return;\n      }\n      e.target.value = parseInt(value) + \"%\";\n    });\n\n    \/\/ Enter avan\u00e7a\n    form.addEventListener(\"keydown\", function (e) {\n      if (e.key === \"Enter\") {\n        const activeStep = document.querySelector(\".step.active\");\n        const isTextarea = e.target.tagName.toLowerCase() === \"textarea\";\n        const isRadio = e.target.type === \"radio\";\n        if (isTextarea || isRadio) return;\n\n        e.preventDefault();\n        const nextBtn = activeStep.querySelector(\".next-btn\");\n        if (nextBtn) nextBtn.click();\n      }\n    });\n\n    \/\/ Bot\u00e3o \"Pr\u00f3ximo\"\n    nextButtons.forEach(button => {\n      button.addEventListener(\"click\", () => {\n        const currentStep = button.closest(\".step\");\n        const nextStepId = button.dataset.next;\n        const nextStep = document.getElementById(nextStepId);\n\n        let valid = true;\n        if (currentStep.id === \"step-4\") {\n          const checked = currentStep.querySelector('input[name=\"faturamento\"]:checked');\n          if (!checked) {\n            valid = false;\n            alert(\"Por favor, selecione Sim ou N\u00e3o.\");\n          }\n        } else {\n          const input = currentStep.querySelector(\"input, textarea\");\n          if (input && !input.checkValidity()) {\n            input.reportValidity();\n            valid = false;\n          }\n        }\n\n        if (!valid) return;\n\n        currentStep.classList.remove(\"active\");\n        currentStep.classList.add(\"exit-left\");\n\n        setTimeout(() => {\n          currentStep.classList.remove(\"exit-left\");\n          nextStep.classList.add(\"active\");\n        }, 500);\n      });\n    });\n\n    \/\/ Bot\u00e3o \"Voltar\"\n    backButtons.forEach(button => {\n      button.addEventListener(\"click\", () => {\n        const currentStep = button.closest(\".step\");\n        const backStepId = button.dataset.back;\n        const backStep = document.getElementById(backStepId);\n\n        currentStep.classList.remove(\"active\");\n        currentStep.classList.add(\"exit-right\");\n\n        backStep.classList.remove(\"active\");\n        backStep.classList.add(\"enter-left\");\n\n        requestAnimationFrame(() => {\n          requestAnimationFrame(() => {\n            currentStep.classList.remove(\"exit-right\");\n            backStep.classList.remove(\"enter-left\");\n            backStep.classList.add(\"active\");\n          });\n        });\n      });\n    });\n\n    \/\/ Envio final com fetch() para salvar no banco\n    form.addEventListener(\"submit\", function (e) {\n      e.preventDefault();\n\n      const formData = new FormData(form);\n\n      fetch(\"\/iaiteste\/wp-content\/themes\/hello-elementor\/receber-dados.php\", {\n        method: \"POST\",\n        body: formData,\n      })\n        .then(response => response.json())\n        .then(data => {\n          console.log(\"Dados salvos com sucesso:\", data);\n\n          const currentStep = form.querySelector(\".step.active\");\n          const finalStep = document.getElementById(\"step-8\");\n\n          currentStep.classList.remove(\"active\");\n          currentStep.classList.add(\"exit-left\");\n\n          setTimeout(() => {\n            currentStep.classList.remove(\"exit-left\");\n            finalStep.classList.add(\"active\");\n          }, 500);\n        })\n        .catch(error => {\n          console.error(\"Erro ao salvar os dados:\", error);\n        });\n    });\n  });\n<\/script>\n\n\n\n    <\/div>\n\t\t\t\t\t\t<\/div>\n\t\t\t\t<\/div>\n\t\t\t\t<\/div>\n\t\t\t\t\t<\/div>\n\t\t\t\t<\/div>\n\t\t\t\t<\/div>\n\t\t","protected":false},"excerpt":{"rendered":"<p>Vamos iniciar por aqui. Responda as seguintes perguntas para podermos entender melhor seu neg\u00f3cio e suas principais demandas.<\/p>\n","protected":false},"author":1,"featured_media":0,"parent":0,"menu_order":0,"comment_status":"closed","ping_status":"closed","template":"elementor_canvas","meta":{"footnotes":""},"class_list":["post-103","page","type-page","status-publish","hentry"],"_links":{"self":[{"href":"https:\/\/iai.homologacaodeprojeto.com.br\/index.php?rest_route=\/wp\/v2\/pages\/103","targetHints":{"allow":["GET"]}}],"collection":[{"href":"https:\/\/iai.homologacaodeprojeto.com.br\/index.php?rest_route=\/wp\/v2\/pages"}],"about":[{"href":"https:\/\/iai.homologacaodeprojeto.com.br\/index.php?rest_route=\/wp\/v2\/types\/page"}],"author":[{"embeddable":true,"href":"https:\/\/iai.homologacaodeprojeto.com.br\/index.php?rest_route=\/wp\/v2\/users\/1"}],"replies":[{"embeddable":true,"href":"https:\/\/iai.homologacaodeprojeto.com.br\/index.php?rest_route=%2Fwp%2Fv2%2Fcomments&post=103"}],"version-history":[{"count":5,"href":"https:\/\/iai.homologacaodeprojeto.com.br\/index.php?rest_route=\/wp\/v2\/pages\/103\/revisions"}],"predecessor-version":[{"id":504,"href":"https:\/\/iai.homologacaodeprojeto.com.br\/index.php?rest_route=\/wp\/v2\/pages\/103\/revisions\/504"}],"wp:attachment":[{"href":"https:\/\/iai.homologacaodeprojeto.com.br\/index.php?rest_route=%2Fwp%2Fv2%2Fmedia&parent=103"}],"curies":[{"name":"wp","href":"https:\/\/api.w.org\/{rel}","templated":true}]}}